{"id":8,"date":"2023-02-04T20:56:19","date_gmt":"2023-02-04T19:56:19","guid":{"rendered":"http:\/\/www.suzannedignard.ca\/?page_id=8"},"modified":"2023-05-28T22:39:05","modified_gmt":"2023-05-28T20:39:05","slug":"accueil","status":"publish","type":"page","link":"https:\/\/www.suzannedignard.ca\/","title":{"rendered":"Accueil"},"content":{"rendered":"<h1>Suzanne Dignard<\/h1>\n<ul>\n<li><a href=\"#\">social<\/a>\n<\/li>\n<li><a href=\"#\">social<\/a>\n<\/li>\n<li><a href=\"#\">social<\/a>\n<\/li>\n<li><a href=\"#\">social<\/a>\n<\/li>\n<li><a href=\"#\">social<\/a>\n<\/li>\n<\/ul>\n<p><img decoding=\"async\" src=\"\/wp-content\/uploads\/2023\/02\/Mimi-et-Suzanne-Dignard01.jpg\" alt=\"\"><\/p>\n<h5>Mimi et Suzanne Dignard<\/h5>\n<h1><span style=\"color: #dca456; font-size: 1.2em;\">Propos et confidences<\/span><\/h1>\n<div>\n<p style=\"text-align: justify;\">\u00c0 L\u2019aube de l\u2019an 2000 Mimi n\u2019\u00e9crit plus de notes spirituelles.<\/p>\n<p style=\"text-align: justify;\">\u00c0 la demande de son directeur spirituel, le p\u00e8re Armand Girard, en 1998 Mimi \u00e9crivait sa vie sous le titre\u00a0: \u00ab\u00a0Autopsie de mon \u00e2me.\u00a0\u00bb Elle arrivera \u00e0 noter environ la moiti\u00e9 de sa vie. Un jour, elle me dit\u00a0: \u00ab\u00a0Je ne sais pourquoi mais je ne peux plus \u00e9crire mon histoire apr\u00e8s le temps de mes 40 ans. \u00c7a va comme le Bon Dieu veut\u2026\u00a0\u00bb<\/p>\n<\/div>\n<p>\n    <a href=\"\/index.php\/propos-et-confidences-ete-2000-ete-2002-partie-i\/\">Propos et confidences &#8211; \u00c9t\u00e9 2001 &#8211; \u00c9t\u00e9 2002<\/a>\n<\/p>\n<h1><span style=\"color: #dca456;font-size:1.2em;\">Le temps de Dieu aupr\u00e8s de Mimi<\/span><\/h1>\n<div>\n<p style=\"text-align: justify;\"><span style=\"color: #dca456;\">D<\/span>ans ce document, \u00ab\u00a0Le temps de Dieu\u2026aupr\u00e8s de Mimi\u00a0\u00bb, je souhaite vous offrir des \u00e9v\u00e9nements, des situations, des impressions et des rencontres qui ont marqu\u00e9 les derniers temps de Mimi sur terre. Recevez ces textes comme un rendez-vous que Mimi vous accorde avec tendresse. Que cette lecture soit pour vous une source nouvelle en vos \u00e2mes, le chant de Dieu en vos vies.<\/p>\n<\/div>\n<ul>\n<li>\n        <a href=\"\/index.php\/le-temps-de-dieu-aout-2001-partie-i\/\">Janvier 2001 &#8211; ao\u00fbt 2001<\/a>\n    <\/li>\n<li>\n        <a href=\"\/index.php\/le-temps-de-dieu-aupres-de-mimi-partie-iv\/\">Janvier 2002 &#8211; juillet 2002<\/a>\n    <\/li>\n<\/ul>\n<blockquote>\n<h4 style=\"color: #dca456\">\u00ab\u00a0Que mon c\u0153ur ne se taise pas,<br \/>Qu\u2019il soit en f\u00eate pour toi,<br \/>Et que sans fin Seigneur, mon Dieu<br \/>Je te rends gr\u00e2ce\u2026\u00a0\u00bb <\/p>\n<p>Psaume 29<\/h4>\n<\/blockquote>\n<p><!--more--><br \/>\n<!-- {\"type\":\"layout\",\"children\":[{\"name\":\"About us\",\"type\":\"section\",\"props\":{\"animation\":\"slide-top-small\",\"header_overlay\":\"light\",\"height_viewport\":false,\"image_position\":\"center-center\",\"image_size\":\"cover\",\"media\":\"\",\"padding\":\"xsmall\",\"padding_remove_top\":false,\"style\":\"default\",\"title_breakpoint\":\"xl\",\"title_position\":\"top-left\",\"title_rotation\":\"left\",\"vertical_align\":\"middle\",\"width\":\"default\"},\"children\":[{\"name\":\"\",\"type\":\"row\",\"children\":[{\"name\":\"\",\"type\":\"column\",\"props\":{\"image_position\":\"center-center\",\"media_overlay_gradient\":\"\",\"position_sticky_breakpoint\":\"m\",\"width_medium\":\"1-1\"},\"children\":[{\"name\":\"\",\"type\":\"headline\",\"props\":{\"block_align\":\"center\",\"content\":\"Suzanne Dignard\",\"margin\":\"medium\",\"maxwidth\":\"2xlarge\",\"text_align\":\"center\",\"text_align_fallback\":\"center\",\"title_decoration\":\"line\",\"title_element\":\"h1\"}},{\"type\":\"yooessentials_social_sharing\",\"props\":{\"gap\":\"small\",\"link_style\":\"button\",\"margin\":\"default\",\"text_align\":\"center\"},\"children\":[{\"type\":\"yooessentials_social_sharing_item\",\"props\":{\"link\":\"facebook\",\"link_target\":\"_blank\",\"link_target_height\":\"\",\"link_target_width\":\"\"}},{\"type\":\"yooessentials_social_sharing_item\",\"props\":{\"link\":\"twitter\",\"link_target\":\"_blank\",\"link_target_height\":\"\",\"link_target_width\":\"\"}},{\"type\":\"yooessentials_social_sharing_item\",\"props\":{\"link\":\"linkedin\",\"link_target\":\"_blank\",\"link_target_height\":\"\",\"link_target_width\":\"\"}},{\"type\":\"yooessentials_social_sharing_item\",\"props\":{\"attributes\":\"onclick=\\\"window.location = 'mailto:?subject=' + document.title + '&body=' + window.location.href; return false;\\\"\",\"custom_link\":\"%s\",\"icon\":\"mail\",\"link\":\"custom\",\"link_target\":\"_blank\",\"link_target_height\":\"\",\"link_target_width\":\"\",\"title\":\"Email\"}},{\"type\":\"yooessentials_social_sharing_item\",\"props\":{\"attributes\":\"onclick=\\\"window.print();\\\"\",\"custom_link\":\"\",\"icon\":\"print\",\"link\":\"custom\",\"link_target\":\"_blank\",\"link_target_height\":\"\",\"link_target_width\":\"\",\"title\":\"Imprimer\"}}],\"name\":\"Partage social 120523\"},{\"type\":\"image\",\"props\":{\"image\":\"wp-content\\\/uploads\\\/2023\\\/02\\\/Mimi-et-Suzanne-Dignard01.jpg\",\"image_svg_color\":\"emphasis\",\"margin\":\"default\",\"text_align\":\"center\"}},{\"name\":\"\",\"type\":\"headline\",\"props\":{\"block_align\":\"center\",\"content\":\"Mimi et Suzanne Dignard\",\"margin\":\"small\",\"maxwidth\":\"2xlarge\",\"text_align\":\"center\",\"text_align_fallback\":\"center\",\"title_element\":\"h5\"}}]}]}]},{\"name\":\"Propos et confidences\",\"type\":\"section\",\"props\":{\"animation\":\"fade\",\"image_position\":\"center-center\",\"image_size\":\"cover\",\"padding\":\"xsmall\",\"style\":\"default\",\"title_breakpoint\":\"xl\",\"title_position\":\"top-left\",\"title_rotation\":\"left\",\"vertical_align\":\"middle\",\"width\":\"xsmall\"},\"children\":[{\"name\":\"\",\"type\":\"row\",\"children\":[{\"name\":\"\",\"type\":\"column\",\"props\":{\"image_position\":\"center-center\",\"media_overlay_gradient\":\"\",\"position_sticky_breakpoint\":\"m\",\"width_medium\":\"1-1\"},\"children\":[{\"name\":\"\",\"type\":\"headline\",\"props\":{\"content\":\"<span style=\\\"color: #dca456; font-size: 1.2em;\\\">Propos et confidences<\\\/span>\",\"margin\":\"default\",\"text_align\":\"center\",\"title_element\":\"h1\",\"title_style\":\"h2\"}},{\"type\":\"text\",\"props\":{\"column_breakpoint\":\"m\",\"content\":\"\n\n<p style=\\\"text-align: justify;\\\">\\u00c0 L\\u2019aube de l\\u2019an 2000 Mimi n\\u2019\\u00e9crit plus de notes spirituelles.<\\\/p>\\n\n\n<p style=\\\"text-align: justify;\\\">\\u00c0 la demande de son directeur spirituel, le p\\u00e8re Armand Girard, en 1998 Mimi \\u00e9crivait sa vie sous le titre\\u00a0: \\u00ab\\u00a0Autopsie de mon \\u00e2me.\\u00a0\\u00bb Elle arrivera \\u00e0 noter environ la moiti\\u00e9 de sa vie. Un jour, elle me dit\\u00a0: \\u00ab\\u00a0Je ne sais pourquoi mais je ne peux plus \\u00e9crire mon histoire apr\\u00e8s le temps de mes 40 ans. \\u00c7a va comme le Bon Dieu veut\\u2026\\u00a0\\u00bb<\\\/p>\",\"dropcap\":false,\"margin\":\"small\"}},{\"type\":\"button\",\"props\":{\"grid_column_gap\":\"small\",\"grid_row_gap\":\"small\",\"margin\":\"default\",\"text_align\":\"center\"},\"children\":[{\"type\":\"button_item\",\"props\":{\"button_style\":\"secondary\",\"content\":\"Propos et confidences - \\u00c9t\\u00e9 2001 - \\u00c9t\\u00e9 2002\",\"icon_align\":\"left\",\"link\":\"index.php\\\/propos-et-confidences-ete-2000-ete-2002-partie-i\\\/\"}}]}]}]}]},{\"name\":\"Le temps de Dieu aupr\\u00e8s de Mimi\",\"type\":\"section\",\"props\":{\"animation\":\"fade\",\"image_position\":\"center-center\",\"image_size\":\"cover\",\"padding\":\"xsmall\",\"style\":\"muted\",\"title_breakpoint\":\"xl\",\"title_position\":\"top-left\",\"title_rotation\":\"left\",\"vertical_align\":\"middle\",\"width\":\"xsmall\"},\"children\":[{\"name\":\"\",\"type\":\"row\",\"children\":[{\"name\":\"\",\"type\":\"column\",\"props\":{\"image_position\":\"center-center\",\"media_overlay_gradient\":\"\",\"position_sticky_breakpoint\":\"m\",\"width_medium\":\"1-1\"},\"children\":[{\"name\":\"\",\"type\":\"headline\",\"props\":{\"content\":\"<span style=\\\"color: #dca456;font-size:1.2em;\\\">Le temps de Dieu aupr\\u00e8s de Mimi<\\\/span>\",\"margin\":\"default\",\"text_align\":\"center\",\"title_element\":\"h1\",\"title_style\":\"h2\"}},{\"type\":\"text\",\"props\":{\"column_breakpoint\":\"m\",\"content\":\"\n\n<p style=\\\"text-align: justify;\\\"><span style=\\\"color: #dca456;\\\">D<\\\/span>ans ce document, \\u00ab\\u00a0Le temps de Dieu\\u2026aupr\\u00e8s de Mimi\\u00a0\\u00bb, je souhaite vous offrir des \\u00e9v\\u00e9nements, des situations, des impressions et des rencontres qui ont marqu\\u00e9 les derniers temps de Mimi sur terre. Recevez ces textes comme un rendez-vous que Mimi vous accorde avec tendresse. Que cette lecture soit pour vous une source nouvelle en vos \\u00e2mes, le chant de Dieu en vos vies.<\\\/p>\",\"dropcap\":false,\"margin\":\"small\"}},{\"type\":\"button\",\"props\":{\"grid_column_gap\":\"small\",\"grid_row_gap\":\"small\",\"margin\":\"default\",\"text_align\":\"center\"},\"children\":[{\"type\":\"button_item\",\"props\":{\"button_style\":\"secondary\",\"content\":\"Janvier 2001 - ao\\u00fbt 2001\",\"icon_align\":\"left\",\"link\":\"index.php\\\/le-temps-de-dieu-aout-2001-partie-i\\\/\"}},{\"type\":\"button_item\",\"props\":{\"button_style\":\"primary\",\"content\":\"Janvier 2002 - juillet 2002\",\"icon_align\":\"left\",\"link\":\"index.php\\\/le-temps-de-dieu-aupres-de-mimi-partie-iv\\\/\"}}]}]}]}]},{\"name\":\"Introduction\",\"type\":\"section\",\"props\":{\"animation\":\"fade\",\"image_position\":\"center-center\",\"image_size\":\"cover\",\"padding\":\"xsmall\",\"style\":\"muted\",\"title_breakpoint\":\"xl\",\"title_position\":\"top-left\",\"title_rotation\":\"left\",\"vertical_align\":\"middle\",\"width\":\"xsmall\"},\"children\":[{\"name\":\"\",\"type\":\"row\",\"children\":[{\"name\":\"\",\"type\":\"column\",\"props\":{\"image_position\":\"center-center\",\"media_overlay_gradient\":\"\",\"position_sticky_breakpoint\":\"m\",\"width_medium\":\"1-1\"},\"children\":[{\"type\":\"quotation\",\"props\":{\"content\":\"\n\n<h4 style=\\\"color: #dca456\\\">\\u00ab\\u00a0Que mon c\\u0153ur ne se taise pas,<br \\\/>Qu\\u2019il soit en f\\u00eate pour toi,<br \\\/>Et que sans fin Seigneur, mon Dieu<br \\\/>Je te rends gr\\u00e2ce\\u2026\\u00a0\\u00bb <br \\\/><br \\\/>Psaume 29<\\\/h4>\",\"css\":\".el-element{color:blue;}\",\"text_align\":\"center\"},\"name\":\"Citation\"}]}]}]}],\"version\":\"3.0.31\",\"yooessentialsVersion\":\"1.9.9\"} --><\/p>\n","protected":false},"excerpt":{"rendered":"<p>Suzanne Dignard social social social social social Mimi et Suzanne Dignard Propos et confidences \u00c0 L\u2019aube de l\u2019an 2000 Mimi n\u2019\u00e9crit plus de notes spirituelles. \u00c0 la demande de son directeur spirituel, le p\u00e8re Armand Girard, en 1998 Mimi \u00e9crivait sa vie sous le titre\u00a0: \u00ab\u00a0Autopsie de mon \u00e2me.\u00a0\u00bb Elle arrivera \u00e0 noter environ la [&hellip;]<\/p>\n","protected":false},"author":1,"featured_media":0,"parent":0,"menu_order":0,"comment_status":"closed","ping_status":"closed","template":"","meta":{"footnotes":""},"class_list":["post-8","page","type-page","status-publish","hentry"],"_links":{"self":[{"href":"https:\/\/www.suzannedignard.ca\/index.php\/wp-json\/wp\/v2\/pages\/8","targetHints":{"allow":["GET"]}}],"collection":[{"href":"https:\/\/www.suzannedignard.ca\/index.php\/wp-json\/wp\/v2\/pages"}],"about":[{"href":"https:\/\/www.suzannedignard.ca\/index.php\/wp-json\/wp\/v2\/types\/page"}],"author":[{"embeddable":true,"href":"https:\/\/www.suzannedignard.ca\/index.php\/wp-json\/wp\/v2\/users\/1"}],"replies":[{"embeddable":true,"href":"https:\/\/www.suzannedignard.ca\/index.php\/wp-json\/wp\/v2\/comments?post=8"}],"version-history":[{"count":128,"href":"https:\/\/www.suzannedignard.ca\/index.php\/wp-json\/wp\/v2\/pages\/8\/revisions"}],"predecessor-version":[{"id":715,"href":"https:\/\/www.suzannedignard.ca\/index.php\/wp-json\/wp\/v2\/pages\/8\/revisions\/715"}],"wp:attachment":[{"href":"https:\/\/www.suzannedignard.ca\/index.php\/wp-json\/wp\/v2\/media?parent=8"}],"curies":[{"name":"wp","href":"https:\/\/api.w.org\/{rel}","templated":true}]}}